{"id":241,"date":"2021-06-12T19:23:01","date_gmt":"2021-06-13T00:23:01","guid":{"rendered":"https:\/\/regaloscorporativosperu.com\/?page_id=241"},"modified":"2021-06-14T09:48:06","modified_gmt":"2021-06-14T14:48:06","slug":"regalos-corporativos-dia-del-nino-peru-lima-baratos","status":"publish","type":"page","link":"https:\/\/regaloscorporativosperu.com\/index.php\/regalos-corporativos-dia-del-nino-peru-lima-baratos\/","title":{"rendered":"regalos corporativos dia del ni\u00f1o peru lima baratos"},"content":{"rendered":"<p>[et_pb_section fb_built=\u00bb1&#8243; _builder_version=\u00bb4.9.6&#8243; _module_preset=\u00bbdefault\u00bb][et_pb_row _builder_version=\u00bb4.9.6&#8243; _module_preset=\u00bbdefault\u00bb][et_pb_column type=\u00bb4_4&#8243; _builder_version=\u00bb4.9.6&#8243; _module_preset=\u00bbdefault\u00bb][et_pb_text _builder_version=\u00bb4.9.6&#8243; _module_preset=\u00bbdefault\u00bb]<\/p>\n<h1>Regalos D\u00eda del Ni\u00f1o Per\u00fa<\/h1>\n<p>[\/et_pb_text][et_pb_shop _builder_version=\u00bb4.9.6&#8243; _module_preset=\u00bbdefault\u00bb type=\u00bbproduct_category\u00bb include_categories=\u00bb104&#8243; hover_enabled=\u00bb0&#8243; sticky_enabled=\u00bb0&#8243;][\/et_pb_shop][\/et_pb_column][\/et_pb_row][\/et_pb_section]<\/p>\n","protected":false},"excerpt":{"rendered":"<p>Regalos D\u00eda del Ni\u00f1o Per\u00fa<\/p>\n","protected":false},"author":1,"featured_media":0,"parent":0,"menu_order":0,"comment_status":"closed","ping_status":"closed","template":"","meta":{"_et_pb_use_builder":"on","_et_pb_old_content":"<!-- wp:divi\/placeholder \/-->","_et_gb_content_width":"","_joinchat":[],"footnotes":""},"class_list":["post-241","page","type-page","status-publish","hentry"],"jetpack_sharing_enabled":true,"_links":{"self":[{"href":"https:\/\/regaloscorporativosperu.com\/index.php\/wp-json\/wp\/v2\/pages\/241","targetHints":{"allow":["GET"]}}],"collection":[{"href":"https:\/\/regaloscorporativosperu.com\/index.php\/wp-json\/wp\/v2\/pages"}],"about":[{"href":"https:\/\/regaloscorporativosperu.com\/index.php\/wp-json\/wp\/v2\/types\/page"}],"author":[{"embeddable":true,"href":"https:\/\/regaloscorporativosperu.com\/index.php\/wp-json\/wp\/v2\/users\/1"}],"replies":[{"embeddable":true,"href":"https:\/\/regaloscorporativosperu.com\/index.php\/wp-json\/wp\/v2\/comments?post=241"}],"version-history":[{"count":0,"href":"https:\/\/regaloscorporativosperu.com\/index.php\/wp-json\/wp\/v2\/pages\/241\/revisions"}],"wp:attachment":[{"href":"https:\/\/regaloscorporativosperu.com\/index.php\/wp-json\/wp\/v2\/media?parent=241"}],"curies":[{"name":"wp","href":"https:\/\/api.w.org\/{rel}","templated":true}]}}