{"id":339,"date":"2021-06-14T09:31:28","date_gmt":"2021-06-14T14:31:28","guid":{"rendered":"https:\/\/regaloscorporativosperu.com\/?post_type=product&#038;p=339"},"modified":"2021-06-14T09:35:37","modified_gmt":"2021-06-14T14:35:37","slug":"candy-chef-kids-box-corporativo","status":"publish","type":"product","link":"https:\/\/regaloscorporativosperu.com\/index.php\/product\/candy-chef-kids-box-corporativo\/","title":{"rendered":"Candy Chef Kids Box Corporativo"},"content":{"rendered":"<p>En Regalos Corporativos Per\u00fa nuestra misi\u00f3n es apoyar la producci\u00f3n local trabajando junto a microemprendedores y artesanos nacionales. Todo lo que dise\u00f1amos y producimos lo hacemos con cari\u00f1o en Per\u00fa. As\u00ed logramos ofrecer los mejores productos y servicios, de manera r\u00e1pida y profesional.<\/p>\n<p>Regalos Corporativos Peru es una empresa especializada con 10 a\u00f1os de experiencia entregando regalos\u00a0 corporativos de calidad a muchas empresas del sector p\u00fablico y privado en todo el Per\u00fa. No tenemos clientes peque\u00f1os, para nosotros todos nuestros clientes son igual de importantes y nos enfocamos en dar soluci\u00f3n a cada uno de sus requerimientos de forma personalizada.<\/p>\n<p>Nos caracterizamos por dar un servicio \u00e1gil y eficiente, adecu\u00e1ndonos a los presupuestos de todos nuestros clientes, nuestro tiempo de respuesta y la calidad de nuestro servicio nos hacen diferentes, te invitamos a conocer la diferencia.<\/p>\n","protected":false},"excerpt":{"rendered":"<p>Este Box para ni\u00f1os en Peru es un hermoso regalo para empresas en Lima, Per\u00fa, que contiene elementos finamente seleccionados y de alta calidad, garant\u00eda y responsables con el medio ambiente. Este maravilloso regalo corporativo contiene:<\/p>\n<ul>\n<li>Una caja de cart\u00f3n ecol\u00f3gica<\/li>\n<li>Galletas Sabor a Vainilla y Naranja en forma de pizza<\/li>\n<li>Glaseados de colores para decorar<\/li>\n<li>4 variedades de toppins<\/li>\n<li>Una tarjeta de Instrucciones<\/li>\n<li>Una Tarjeta Personalizada<\/li>\n<\/ul>\n","protected":false},"featured_media":340,"template":"","meta":{"_et_pb_use_builder":"","_et_pb_old_content":"","_et_gb_content_width":"","_joinchat":[],"jetpack_publicize_message":"","jetpack_publicize_feature_enabled":true,"jetpack_social_post_already_shared":false,"jetpack_social_options":{"image_generator_settings":{"template":"highway","default_image_id":0,"font":"","enabled":false},"version":2}},"product_brand":[],"product_cat":[104],"product_tag":[19,20,21,22,23,106,24,25,26,27,28,29,30,31,32,33,34,35,36,37,38,39,40,41,42,43,44,45,107,46,47,48,49,50,51,52,53,54,55,56,57,58,59,60,61,62,63,64,65,66,67,68,69,70,71,72,73,74,75,76,77,78,105,79,80,81,82,83,84,85,86,87,88,89,90,91,92,93,94,96,95],"class_list":{"0":"post-339","1":"product","2":"type-product","3":"status-publish","4":"has-post-thumbnail","6":"product_cat-dia-del-nino","7":"product_tag-afiches-publicitarios","8":"product_tag-agendas","9":"product_tag-agendas-corporativas","10":"product_tag-arenat","11":"product_tag-banners-peru","12":"product_tag-box-para-decorar-galletas-peru","13":"product_tag-calendarios-de-escritorio","14":"product_tag-calendarios-publicitarios","15":"product_tag-canastas-navidad-peru","16":"product_tag-carton-kraft","17":"product_tag-cartulina-kraft-peru","18":"product_tag-centro-de-lima","19":"product_tag-cuadernos-ecologicos","20":"product_tag-cuadernos-ecologicos-peru","21":"product_tag-cuadernos-ecologicos-publicitarios","22":"product_tag-dayaperu","23":"product_tag-detalazo-peru","24":"product_tag-dipticos","25":"product_tag-dulce-compania-peru","26":"product_tag-ecologico","27":"product_tag-ecologics-peru","28":"product_tag-ecomillennials-peru","29":"product_tag-fotochecks-peru","30":"product_tag-gigantografias-peru","31":"product_tag-hennacorp-peru","32":"product_tag-imprenta-economica","33":"product_tag-imprentas-wilson","34":"product_tag-impresion","35":"product_tag-kit-para-decorar-galletas-peru","36":"product_tag-kraft","37":"product_tag-lanyards-peru","38":"product_tag-lapiceros-publicitarios","39":"product_tag-lapiz-semilla","40":"product_tag-libretas-ecologicas","41":"product_tag-libretas-ecologicas-peru","42":"product_tag-libretas-ecologicas-publicitarias","43":"product_tag-lima","44":"product_tag-merchandising","45":"product_tag-merchandising-ecologico","46":"product_tag-peru","47":"product_tag-regalos-con-proposito-peru","48":"product_tag-regalos-corporativos","49":"product_tag-regalos-corporativos-anti-stress-peru","50":"product_tag-regalos-corporativos-clientes-peru","51":"product_tag-regalos-corporativos-cumpleanos-peru","52":"product_tag-regalos-corporativos-dia-de-la-amistad-peru","53":"product_tag-regalos-corporativos-dia-de-la-cancion-criolla-peru","54":"product_tag-regalos-corporativos-dia-de-la-madre-peru","55":"product_tag-regalos-corporativos-dia-de-la-maestra-peru","56":"product_tag-regalos-corporativos-dia-de-la-mujer","57":"product_tag-regalos-corporativos-dia-de-la-secretaria-peru","58":"product_tag-regalos-corporativos-dia-de-san-valentin-peru","59":"product_tag-regalos-corporativos-dia-del-empleado-peru","60":"product_tag-regalos-corporativos-dia-del-maestro-peru","61":"product_tag-regalos-corporativos-dia-del-nino","62":"product_tag-regalos-corporativos-dia-del-padre-peru","63":"product_tag-regalos-corporativos-dia-del-trabajador-peru","64":"product_tag-regalos-corporativos-halloween-peru","65":"product_tag-regalos-corporativos-home-office-peru","66":"product_tag-regalos-corporativos-incentivos-peru","67":"product_tag-regalos-corporativos-navidad-peru","68":"product_tag-regalos-corporativos-peru","69":"product_tag-regalos-dia-del-nino-peru","70":"product_tag-regalos-dia-la-maestra-peru","71":"product_tag-regalos-ecologicos","72":"product_tag-regalos-ecologicos-baratos-peru","73":"product_tag-regalos-ecologicos-corporativos-peru","74":"product_tag-regalos-ecologicos-lima","75":"product_tag-regalos-ecologicos-peru","76":"product_tag-regalos-empresas","77":"product_tag-regalos-sostenibles-peru","78":"product_tag-roll-screen-peru","79":"product_tag-shiwi-peru","80":"product_tag-tarjetas-carton-reciclado","81":"product_tag-tarjetas-de-presentacion-ecologica","82":"product_tag-tarjetas-eco","83":"product_tag-tarjetas-ecologicas","84":"product_tag-tripticos","85":"product_tag-volantes-publicitarios","86":"product_tag-welcome-pack-peru","87":"product_tag-wilson","89":"first","90":"instock","91":"shipping-taxable","92":"product-type-simple"},"jetpack_publicize_connections":[],"jetpack_sharing_enabled":true,"_links":{"self":[{"href":"https:\/\/regaloscorporativosperu.com\/index.php\/wp-json\/wp\/v2\/product\/339","targetHints":{"allow":["GET"]}}],"collection":[{"href":"https:\/\/regaloscorporativosperu.com\/index.php\/wp-json\/wp\/v2\/product"}],"about":[{"href":"https:\/\/regaloscorporativosperu.com\/index.php\/wp-json\/wp\/v2\/types\/product"}],"wp:featuredmedia":[{"embeddable":true,"href":"https:\/\/regaloscorporativosperu.com\/index.php\/wp-json\/wp\/v2\/media\/340"}],"wp:attachment":[{"href":"https:\/\/regaloscorporativosperu.com\/index.php\/wp-json\/wp\/v2\/media?parent=339"}],"wp:term":[{"taxonomy":"product_brand","embeddable":true,"href":"https:\/\/regaloscorporativosperu.com\/index.php\/wp-json\/wp\/v2\/product_brand?post=339"},{"taxonomy":"product_cat","embeddable":true,"href":"https:\/\/regaloscorporativosperu.com\/index.php\/wp-json\/wp\/v2\/product_cat?post=339"},{"taxonomy":"product_tag","embeddable":true,"href":"https:\/\/regaloscorporativosperu.com\/index.php\/wp-json\/wp\/v2\/product_tag?post=339"}],"curies":[{"name":"wp","href":"https:\/\/api.w.org\/{rel}","templated":true}]}}